{"id":892,"date":"2024-06-26T11:43:31","date_gmt":"2024-06-26T09:43:31","guid":{"rendered":"http:\/\/sesoliveresportdesoller.disstintbeta.com\/legal-notice\/"},"modified":"2024-07-22T13:41:13","modified_gmt":"2024-07-22T11:41:13","slug":"legal-notice","status":"publish","type":"page","link":"https:\/\/sesoliveresportdesoller.com\/en\/legal-notice\/","title":{"rendered":"Legal notice"},"content":{"rendered":"\t\t<div data-elementor-type=\"wp-page\" data-elementor-id=\"892\" class=\"elementor elementor-892 elementor-372\" data-elementor-post-type=\"page\">\n\t\t\t\t<div class=\"elementor-element elementor-element-21f5633 e-con-full e-flex e-con e-parent\" data-id=\"21f5633\" data-element_type=\"container\">\n\t\t\t\t<div class=\"elementor-element elementor-element-b0786e2 elementor-widget elementor-widget-heading\" data-id=\"b0786e2\" data-element_type=\"widget\" data-widget_type=\"heading.default\">\n\t\t\t\t<div class=\"elementor-widget-container\">\n\t\t\t\t\t<h2 class=\"elementor-heading-title elementor-size-default\">Legal notice<\/h2>\t\t\t\t<\/div>\n\t\t\t\t<\/div>\n\t\t\t\t<div class=\"elementor-element elementor-element-27569ba elementor-widget elementor-widget-text-editor\" data-id=\"27569ba\" data-element_type=\"widget\" data-widget_type=\"text-editor.default\">\n\t\t\t\t<div class=\"elementor-widget-container\">\n\t\t\t\t\t\t\t\t\t<p><strong>1.- Ownership <\/strong><\/p>\n<p>This site is owned and operated by Bruno Soller S.L., with registered office in Es Trav\u00e9s, 18 07108 &#8211; Port de S\u00f3ller, Balearic Islands, Spain.<\/p>\n<p>Tax code: B16599730<\/p>\n<p>Email:<a href=\"mailto:info@sesoliveresportdesoller.com\"> info@sesoliveresportdesoller.com<\/a><\/p>\n<p>Bruno Soller S.L. (hereinafter the Service). Using this website gives you the status of \u2018User\u2019. This means that you accept the terms and conditions set out below and thereby agree not to use it for illegal purposes.<\/p>\n<p><strong>2.-Age<\/strong><\/p>\n<p>Regarding the use of the Service, unless otherwise stated, you declare that you are of legal age and have the necessary legal capacity to bind yourself and use the Service in accordance with its terms and conditions, which you fully understand and acknowledge. You declare that all information you provide to access the Service, before and during its use, is true, complete and accurate.<\/p>\n<p><strong>3.- External links<\/strong><\/p>\n<p>The Service&#8217;s website may link you to other third-party websites. However, the Service does not control these websites or their content, which is subject to its own terms and conditions. Therefore, the Service is not responsible for the quality, truthfulness or accuracy of these websites.<\/p>\n<p><strong>4.- Intellectual Property<\/strong><\/p>\n<p>The design of the Service website and its content, trademarks and logos are owned by or licensed to the owner of this website and are subject to the intellectual property rights granted by law. As a User, you agree not to use, copy or distribute any content of the website beyond what is expressly indicated here. Any commercial use of our content that you wish to make requires our express permission.<\/p>\n<p><strong>5.- User Content<\/strong><\/p>\n<p>As a User you can contribute to the Service in various ways, such as sending emails, making comments or submitting suggestions (hereinafter \u2018Content\u2019). We may use such Content in a variety of ways, including displaying it on the Website, reformatting it, translating it into other languages, editing it for clarity, correcting grammatical errors, creating derivative works from it, promoting it and distributing it. Therefore, the Content remains your property but by submitting it you grant the Service a worldwide, non-exclusive, free, transferable and sub-licensable licence to use the Content until the Content is removed.<\/p>\n<p><strong>6.- Newsletter<\/strong><\/p>\n<p>You can subscribe to the Service&#8217;s newsletter from the website. If you consent, we will only send you content related to the day-to-day running of the Service, nothing else. In any case, you can unsubscribe from the list from the email itself or by contacting us at: 971844194. You agree that you will only use the email address of a third party to subscribe to the newsletter if you have that person&#8217;s express consent.<\/p>\n<p><strong>7.-Responsibility<\/strong><\/p>\n<p>To the extent permitted by law, the Service shall not be liable for:<\/p>\n<p><strong>a)<\/strong> any errors or omissions in the content of the website; <\/p>\n<p><strong>b)<\/strong> the unavailability of the website or;<\/p>\n<p><strong>c)<\/strong> the transmission of malware or viruses through the content of the website, despite taking all necessary technical measures to prevent this.<\/p>\n<p><strong>8.- Changes<\/strong><\/p>\n<p>The Service reserves the right to make unannounced changes to the website as it deems appropriate. This means that the Service may change, delete or add content and services provided through the Website. In addition, these terms and conditions may be updated from time to time. The amendments shall enter into force as soon as they are published.<\/p>\n<p><strong>9.- Law and arbitration<\/strong><\/p>\n<p>To the extent possible, this Service is governed by Spanish law. In order to simplify the resolution of claims through civil means and reduce costs, we do not exclude the possibility of submitting to Equity Arbitration at the Court of Arbitration of the Chambers of Commerce and Industry. In this respect, and in accordance with the applicable regulations, the Service informs of the existence of a European online dispute resolution platform that facilitates the out-of-court settlement of such disputes for contracts concluded online between consumers and Internet service providers. This platform can be accessed via the following website: <a href=\"http:\/\/ec.europa.eu\/odr\" target=\"_blank\" rel=\"noopener\">http:\/\/ec.europa.eu\/odr<\/a><\/p>\n<p><strong>10.- Contact details<\/strong><\/p>\n<p>For any clarification, incident or complaint, you can contact us by:<\/p>\n<p>Email: <a href=\"mailto:info@sesoliveresportdesoller.com\">info@sesoliveresportdesoller.com<\/a><\/p>\n<p>Post: Es Trav\u00e9s, 18 07108 &#8211; Port de S\u00f3ller, Balearic Islands, Spain.<\/p>\n\t\t\t\t\t\t\t\t<\/div>\n\t\t\t\t<\/div>\n\t\t\t\t<\/div>\n\t\t\t\t<\/div>\n\t\t","protected":false},"excerpt":{"rendered":"<p>Legal notice 1.- Ownership This site is owned and operated by Bruno Soller S.L., with registered office in Es Trav\u00e9s, 18 07108 &#8211; Port de S\u00f3ller, Balearic Islands, Spain. Tax code: B16599730 Email: info@sesoliveresportdesoller.com Bruno Soller S.L. (hereinafter the Service). Using this website gives you the status of \u2018User\u2019. This means that you accept the [&hellip;]<\/p>\n","protected":false},"author":1,"featured_media":0,"parent":0,"menu_order":0,"comment_status":"closed","ping_status":"closed","template":"","meta":{"footnotes":""},"class_list":["post-892","page","type-page","status-publish","hentry"],"yoast_head":"<!-- This site is optimized with the Yoast SEO plugin v26.5 - https:\/\/yoast.com\/wordpress\/plugins\/seo\/ -->\n<title>Legal notice - Ses Oliveres Port de S\u00f3ller<\/title>\n<meta name=\"robots\" content=\"noindex, nofollow\" \/>\n<meta property=\"og:locale\" content=\"en_US\" \/>\n<meta property=\"og:type\" content=\"article\" \/>\n<meta property=\"og:title\" content=\"Legal notice - Ses Oliveres Port de S\u00f3ller\" \/>\n<meta property=\"og:description\" content=\"Legal notice 1.- Ownership This site is owned and operated by Bruno Soller S.L., with registered office in Es Trav\u00e9s, 18 07108 &#8211; Port de S\u00f3ller, Balearic Islands, Spain. Tax code: B16599730 Email: info@sesoliveresportdesoller.com Bruno Soller S.L. (hereinafter the Service). Using this website gives you the status of \u2018User\u2019. This means that you accept the [&hellip;]\" \/>\n<meta property=\"og:url\" content=\"https:\/\/sesoliveresportdesoller.com\/en\/legal-notice\/\" \/>\n<meta property=\"og:site_name\" content=\"Ses Oliveres Port de S\u00f3ller\" \/>\n<meta property=\"article:modified_time\" content=\"2024-07-22T11:41:13+00:00\" \/>\n<meta name=\"twitter:card\" content=\"summary_large_image\" \/>\n<meta name=\"twitter:label1\" content=\"Est. reading time\" \/>\n\t<meta name=\"twitter:data1\" content=\"3 minutes\" \/>\n<script type=\"application\/ld+json\" class=\"yoast-schema-graph\">{\"@context\":\"https:\/\/schema.org\",\"@graph\":[{\"@type\":\"WebPage\",\"@id\":\"https:\/\/sesoliveresportdesoller.com\/en\/legal-notice\/\",\"url\":\"https:\/\/sesoliveresportdesoller.com\/en\/legal-notice\/\",\"name\":\"Legal notice - Ses Oliveres Port de S\u00f3ller\",\"isPartOf\":{\"@id\":\"https:\/\/sesoliveresportdesoller.com\/en\/#website\"},\"datePublished\":\"2024-06-26T09:43:31+00:00\",\"dateModified\":\"2024-07-22T11:41:13+00:00\",\"breadcrumb\":{\"@id\":\"https:\/\/sesoliveresportdesoller.com\/en\/legal-notice\/#breadcrumb\"},\"inLanguage\":\"en-US\",\"potentialAction\":[{\"@type\":\"ReadAction\",\"target\":[\"https:\/\/sesoliveresportdesoller.com\/en\/legal-notice\/\"]}]},{\"@type\":\"BreadcrumbList\",\"@id\":\"https:\/\/sesoliveresportdesoller.com\/en\/legal-notice\/#breadcrumb\",\"itemListElement\":[{\"@type\":\"ListItem\",\"position\":1,\"name\":\"Portada\",\"item\":\"https:\/\/sesoliveresportdesoller.com\/en\/\"},{\"@type\":\"ListItem\",\"position\":2,\"name\":\"Legal notice\"}]},{\"@type\":\"WebSite\",\"@id\":\"https:\/\/sesoliveresportdesoller.com\/en\/#website\",\"url\":\"https:\/\/sesoliveresportdesoller.com\/en\/\",\"name\":\"Ses Oliveres Port de S\u00f3ller\",\"description\":\"Ses Oliveres es un restaurante especializado en arroces, pescados y mariscos, situado en primera l\u00ednea del Port de S\u00f3ller.  Se trata de un concepto de cocina con productos frescos y \u201cdel mar a la mesa\u201d. Disponen de una vitrina con pescado fresco diario. Seg\u00fan sus rese\u00f1as en Google y otras plataformas como Tripadvisor, destacan por su ubicaci\u00f3n excepcional y por la calidad de sus platos.\",\"publisher\":{\"@id\":\"https:\/\/sesoliveresportdesoller.com\/en\/#organization\"},\"potentialAction\":[{\"@type\":\"SearchAction\",\"target\":{\"@type\":\"EntryPoint\",\"urlTemplate\":\"https:\/\/sesoliveresportdesoller.com\/en\/?s={search_term_string}\"},\"query-input\":{\"@type\":\"PropertyValueSpecification\",\"valueRequired\":true,\"valueName\":\"search_term_string\"}}],\"inLanguage\":\"en-US\"},{\"@type\":\"Organization\",\"@id\":\"https:\/\/sesoliveresportdesoller.com\/en\/#organization\",\"name\":\"Ses Oliveres Port de S\u00f3ller\",\"url\":\"https:\/\/sesoliveresportdesoller.com\/en\/\",\"logo\":{\"@type\":\"ImageObject\",\"inLanguage\":\"en-US\",\"@id\":\"https:\/\/sesoliveresportdesoller.com\/en\/#\/schema\/logo\/image\/\",\"url\":\"https:\/\/ses-oliveres-port-de-soller.fra1.digitaloceanspaces.com\/wp-content\/uploads\/2024\/06\/25123952\/logo.svg\",\"contentUrl\":\"https:\/\/ses-oliveres-port-de-soller.fra1.digitaloceanspaces.com\/wp-content\/uploads\/2024\/06\/25123952\/logo.svg\",\"width\":128,\"height\":55,\"caption\":\"Ses Oliveres Port de S\u00f3ller\"},\"image\":{\"@id\":\"https:\/\/sesoliveresportdesoller.com\/en\/#\/schema\/logo\/image\/\"}}]}<\/script>\n<!-- \/ Yoast SEO plugin. -->","yoast_head_json":{"title":"Legal notice - Ses Oliveres Port de S\u00f3ller","robots":{"index":"noindex","follow":"nofollow"},"og_locale":"en_US","og_type":"article","og_title":"Legal notice - Ses Oliveres Port de S\u00f3ller","og_description":"Legal notice 1.- Ownership This site is owned and operated by Bruno Soller S.L., with registered office in Es Trav\u00e9s, 18 07108 &#8211; Port de S\u00f3ller, Balearic Islands, Spain. Tax code: B16599730 Email: info@sesoliveresportdesoller.com Bruno Soller S.L. (hereinafter the Service). Using this website gives you the status of \u2018User\u2019. This means that you accept the [&hellip;]","og_url":"https:\/\/sesoliveresportdesoller.com\/en\/legal-notice\/","og_site_name":"Ses Oliveres Port de S\u00f3ller","article_modified_time":"2024-07-22T11:41:13+00:00","twitter_card":"summary_large_image","twitter_misc":{"Est. reading time":"3 minutes"},"schema":{"@context":"https:\/\/schema.org","@graph":[{"@type":"WebPage","@id":"https:\/\/sesoliveresportdesoller.com\/en\/legal-notice\/","url":"https:\/\/sesoliveresportdesoller.com\/en\/legal-notice\/","name":"Legal notice - Ses Oliveres Port de S\u00f3ller","isPartOf":{"@id":"https:\/\/sesoliveresportdesoller.com\/en\/#website"},"datePublished":"2024-06-26T09:43:31+00:00","dateModified":"2024-07-22T11:41:13+00:00","breadcrumb":{"@id":"https:\/\/sesoliveresportdesoller.com\/en\/legal-notice\/#breadcrumb"},"inLanguage":"en-US","potentialAction":[{"@type":"ReadAction","target":["https:\/\/sesoliveresportdesoller.com\/en\/legal-notice\/"]}]},{"@type":"BreadcrumbList","@id":"https:\/\/sesoliveresportdesoller.com\/en\/legal-notice\/#breadcrumb","itemListElement":[{"@type":"ListItem","position":1,"name":"Portada","item":"https:\/\/sesoliveresportdesoller.com\/en\/"},{"@type":"ListItem","position":2,"name":"Legal notice"}]},{"@type":"WebSite","@id":"https:\/\/sesoliveresportdesoller.com\/en\/#website","url":"https:\/\/sesoliveresportdesoller.com\/en\/","name":"Ses Oliveres Port de S\u00f3ller","description":"Ses Oliveres es un restaurante especializado en arroces, pescados y mariscos, situado en primera l\u00ednea del Port de S\u00f3ller.  Se trata de un concepto de cocina con productos frescos y \u201cdel mar a la mesa\u201d. Disponen de una vitrina con pescado fresco diario. Seg\u00fan sus rese\u00f1as en Google y otras plataformas como Tripadvisor, destacan por su ubicaci\u00f3n excepcional y por la calidad de sus platos.","publisher":{"@id":"https:\/\/sesoliveresportdesoller.com\/en\/#organization"},"potentialAction":[{"@type":"SearchAction","target":{"@type":"EntryPoint","urlTemplate":"https:\/\/sesoliveresportdesoller.com\/en\/?s={search_term_string}"},"query-input":{"@type":"PropertyValueSpecification","valueRequired":true,"valueName":"search_term_string"}}],"inLanguage":"en-US"},{"@type":"Organization","@id":"https:\/\/sesoliveresportdesoller.com\/en\/#organization","name":"Ses Oliveres Port de S\u00f3ller","url":"https:\/\/sesoliveresportdesoller.com\/en\/","logo":{"@type":"ImageObject","inLanguage":"en-US","@id":"https:\/\/sesoliveresportdesoller.com\/en\/#\/schema\/logo\/image\/","url":"https:\/\/ses-oliveres-port-de-soller.fra1.digitaloceanspaces.com\/wp-content\/uploads\/2024\/06\/25123952\/logo.svg","contentUrl":"https:\/\/ses-oliveres-port-de-soller.fra1.digitaloceanspaces.com\/wp-content\/uploads\/2024\/06\/25123952\/logo.svg","width":128,"height":55,"caption":"Ses Oliveres Port de S\u00f3ller"},"image":{"@id":"https:\/\/sesoliveresportdesoller.com\/en\/#\/schema\/logo\/image\/"}}]}},"_links":{"self":[{"href":"https:\/\/sesoliveresportdesoller.com\/en\/wp-json\/wp\/v2\/pages\/892","targetHints":{"allow":["GET"]}}],"collection":[{"href":"https:\/\/sesoliveresportdesoller.com\/en\/wp-json\/wp\/v2\/pages"}],"about":[{"href":"https:\/\/sesoliveresportdesoller.com\/en\/wp-json\/wp\/v2\/types\/page"}],"author":[{"embeddable":true,"href":"https:\/\/sesoliveresportdesoller.com\/en\/wp-json\/wp\/v2\/users\/1"}],"replies":[{"embeddable":true,"href":"https:\/\/sesoliveresportdesoller.com\/en\/wp-json\/wp\/v2\/comments?post=892"}],"version-history":[{"count":1,"href":"https:\/\/sesoliveresportdesoller.com\/en\/wp-json\/wp\/v2\/pages\/892\/revisions"}],"predecessor-version":[{"id":893,"href":"https:\/\/sesoliveresportdesoller.com\/en\/wp-json\/wp\/v2\/pages\/892\/revisions\/893"}],"wp:attachment":[{"href":"https:\/\/sesoliveresportdesoller.com\/en\/wp-json\/wp\/v2\/media?parent=892"}],"curies":[{"name":"wp","href":"https:\/\/api.w.org\/{rel}","templated":true}]}}